{"id":260,"date":"2023-08-01T20:29:12","date_gmt":"2023-08-01T20:29:12","guid":{"rendered":"https:\/\/opticasrodik.cl\/?page_id=260"},"modified":"2023-08-07T02:57:56","modified_gmt":"2023-08-07T02:57:56","slug":"contaco","status":"publish","type":"page","link":"https:\/\/opticasrodik.cl\/?page_id=260","title":{"rendered":"CONTACTO"},"content":{"rendered":"\t\t<div data-elementor-type=\"wp-page\" data-elementor-id=\"260\" class=\"elementor elementor-260\">\n\t\t\t\t<div class=\"elementor-element elementor-element-aae759b e-flex e-con-boxed e-con e-parent\" data-id=\"aae759b\" data-element_type=\"container\">\n\t\t\t\t\t<div class=\"e-con-inner\">\n\t\t\t\t<div class=\"elementor-element elementor-element-b21069c elementor-widget elementor-widget-text-editor\" data-id=\"b21069c\" data-element_type=\"widget\" data-widget_type=\"text-editor.default\">\n\t\t\t\t<div class=\"elementor-widget-container\">\n\t\t\t\t\t\t\t<p><em><strong>\u00a1Cont\u00e1ctanos!<\/strong><\/em><\/p><p><em><strong>Bienvenido a nuestra p\u00e1gina de contacto, donde estamos encantados de conectarnos contigo. Si tienes preguntas, comentarios, deseas colaborar o simplemente quieres charlar, este es el lugar adecuado para hacerlo. Estamos comprometidos en brindarte la mejor experiencia posible y responder a tus consultas de manera oportuna.<\/strong><\/em><\/p><p><em><strong>Nuestro equipo est\u00e1 aqu\u00ed para escucharte y proporcionarte la asistencia que necesitas. Valoramos tus opiniones y estamos emocionados por la oportunidad de ayudarte en lo que podamos. Ya sea que est\u00e9s interesado en nuestros productos, servicios o simplemente quieras saber m\u00e1s sobre qui\u00e9nes somos, no dudes en ponerte en contacto con nosotros.<\/strong><\/em><\/p><ul><li><em><strong>N\u00famero telef\u00f3nico: 75 2421216<\/strong><\/em><\/li><li><em><strong>WhatsApp: +56 981542401<\/strong><\/em><\/li><li><em><strong>Redes sociales: &gt;<\/strong><\/em><\/li><li><em><strong>Correo electr\u00f3nico: contacto@opticasrodik.cl<\/strong><\/em><\/li><li><em><strong>Direcci\u00f3n: M. Rodr\u00edguez 310, Curic\u00f3<\/strong><\/em><\/li><\/ul><p><em><strong>\u00a1Gracias por considerarnos como tu opci\u00f3n y esperamos con ansias recibir noticias tuyas!<\/strong><\/em><\/p>\t\t\t\t\t\t<\/div>\n\t\t\t\t<\/div>\n\t\t\t\t\t<\/div>\n\t\t\t\t<\/div>\n\t\t<div class=\"elementor-element elementor-element-8920672 e-flex e-con-boxed e-con e-parent\" data-id=\"8920672\" data-element_type=\"container\">\n\t\t\t\t\t<div class=\"e-con-inner\">\n\t\t\t\t\t<\/div>\n\t\t\t\t<\/div>\n\t\t\t\t<\/div>\n\t\t","protected":false},"excerpt":{"rendered":"<p>\u00a1Cont\u00e1ctanos! Bienvenido a nuestra p\u00e1gina de contacto, donde estamos encantados de conectarnos contigo. Si tienes preguntas, comentarios, deseas colaborar o simplemente quieres charlar, este es el lugar adecuado para hacerlo. Estamos comprometidos en brindarte la mejor experiencia posible y responder a tus consultas de manera oportuna. Nuestro equipo est\u00e1 aqu\u00ed para escucharte y proporcionarte la [&hellip;]<\/p>\n","protected":false},"author":1,"featured_media":0,"parent":0,"menu_order":0,"comment_status":"closed","ping_status":"closed","template":"","meta":{"_joinchat":[],"footnotes":""},"class_list":["post-260","page","type-page","status-publish","hentry"],"_links":{"self":[{"href":"https:\/\/opticasrodik.cl\/index.php?rest_route=\/wp\/v2\/pages\/260","targetHints":{"allow":["GET"]}}],"collection":[{"href":"https:\/\/opticasrodik.cl\/index.php?rest_route=\/wp\/v2\/pages"}],"about":[{"href":"https:\/\/opticasrodik.cl\/index.php?rest_route=\/wp\/v2\/types\/page"}],"author":[{"embeddable":true,"href":"https:\/\/opticasrodik.cl\/index.php?rest_route=\/wp\/v2\/users\/1"}],"replies":[{"embeddable":true,"href":"https:\/\/opticasrodik.cl\/index.php?rest_route=%2Fwp%2Fv2%2Fcomments&post=260"}],"version-history":[{"count":5,"href":"https:\/\/opticasrodik.cl\/index.php?rest_route=\/wp\/v2\/pages\/260\/revisions"}],"predecessor-version":[{"id":349,"href":"https:\/\/opticasrodik.cl\/index.php?rest_route=\/wp\/v2\/pages\/260\/revisions\/349"}],"wp:attachment":[{"href":"https:\/\/opticasrodik.cl\/index.php?rest_route=%2Fwp%2Fv2%2Fmedia&parent=260"}],"curies":[{"name":"wp","href":"https:\/\/api.w.org\/{rel}","templated":true}]}}