{"id":203,"date":"2023-07-26T22:03:27","date_gmt":"2023-07-26T22:03:27","guid":{"rendered":"https:\/\/opticasrodik.cl\/?page_id=203"},"modified":"2023-08-08T18:30:30","modified_gmt":"2023-08-08T18:30:30","slug":"reserva-de-hora","status":"publish","type":"page","link":"https:\/\/opticasrodik.cl\/?page_id=203","title":{"rendered":""},"content":{"rendered":"\t\t<div data-elementor-type=\"wp-page\" data-elementor-id=\"203\" class=\"elementor elementor-203\">\n\t\t\t\t<div class=\"elementor-element elementor-element-02ed87b e-flex e-con-boxed e-con e-parent\" data-id=\"02ed87b\" data-element_type=\"container\">\n\t\t\t\t\t<div class=\"e-con-inner\">\n\t\t\t\t<div class=\"elementor-element elementor-element-f4b71d7 elementor-widget elementor-widget-image\" data-id=\"f4b71d7\" data-element_type=\"widget\" data-widget_type=\"image.default\">\n\t\t\t\t<div class=\"elementor-widget-container\">\n\t\t\t\t\t\t\t\t\t\t\t\t\t<img fetchpriority=\"high\" decoding=\"async\" width=\"2560\" height=\"341\" src=\"https:\/\/opticasrodik.cl\/wp-content\/uploads\/2023\/08\/banner-agenda-scaled.jpg\" class=\"attachment-full size-full wp-image-390\" alt=\"\" srcset=\"https:\/\/opticasrodik.cl\/wp-content\/uploads\/2023\/08\/banner-agenda-scaled.jpg 2560w, https:\/\/opticasrodik.cl\/wp-content\/uploads\/2023\/08\/banner-agenda-300x40.jpg 300w, https:\/\/opticasrodik.cl\/wp-content\/uploads\/2023\/08\/banner-agenda-1024x137.jpg 1024w, https:\/\/opticasrodik.cl\/wp-content\/uploads\/2023\/08\/banner-agenda-768x102.jpg 768w, https:\/\/opticasrodik.cl\/wp-content\/uploads\/2023\/08\/banner-agenda-1536x205.jpg 1536w, https:\/\/opticasrodik.cl\/wp-content\/uploads\/2023\/08\/banner-agenda-2048x273.jpg 2048w, https:\/\/opticasrodik.cl\/wp-content\/uploads\/2023\/08\/banner-agenda-600x80.jpg 600w\" sizes=\"(max-width: 2560px) 100vw, 2560px\" \/>\t\t\t\t\t\t\t\t\t\t\t\t\t<\/div>\n\t\t\t\t<\/div>\n\t\t\t\t\t<\/div>\n\t\t\t\t<\/div>\n\t\t\t\t<section class=\"elementor-section elementor-top-section elementor-element elementor-element-8d7dff6 elementor-section-boxed elementor-section-height-default elementor-section-height-default\" data-id=\"8d7dff6\" data-element_type=\"section\">\n\t\t\t\t\t\t<div class=\"elementor-container elementor-column-gap-default\">\n\t\t\t\t\t<div class=\"elementor-column elementor-col-100 elementor-top-column elementor-element elementor-element-70e6fe4c\" data-id=\"70e6fe4c\" data-element_type=\"column\">\n\t\t\t<div class=\"elementor-widget-wrap elementor-element-populated\">\n\t\t\t\t\t\t<div class=\"elementor-element elementor-element-7d413156 elementor-widget elementor-widget-text-editor\" data-id=\"7d413156\" data-element_type=\"widget\" data-widget_type=\"text-editor.default\">\n\t\t\t\t<div class=\"elementor-widget-container\">\n\t\t\t\t\t\t\t<!-- wp:bookly\/form -->\n<div class=\"wp-block-bookly-form\"><!--\nPlugin Name: Bookly \u2013 Responsive WordPress Appointment Booking and Scheduling Plugin\nPlugin URI: https:\/\/www.booking-wp-plugin.com\/?utm_source=bookly_admin&utm_medium=plugins_page&utm_campaign=plugins_page\nVersion: 24.5-->\n<style type=\"text\/css\">\n    :root {\n        --bookly-main-color: #0000f2 !important;\n    }\n\n    <\/style><div class=\"bookly-css-root\">\n    <div id=\"bookly-form-69db5ca8bc15b\" class=\"bookly-form\" data-form_id=\"69db5ca8bc15b\" aria-live=\"polite\">\n        <div style=\"text-align: center\"><img decoding=\"async\" src=\"https:\/\/opticasrodik.cl\/wp-includes\/js\/tinymce\/skins\/lightgray\/img\/loader.gif\" alt=\"Cargando ...\"\/><\/div>\n    <\/div>\n<\/div>\n<script type=\"text\/javascript\">\n    (function (win, fn) {\n        var done = false, top = true,\n            doc = win.document,\n            root = doc.documentElement,\n            modern = doc.addEventListener,\n            add = modern ? 'addEventListener' : 'attachEvent',\n            rem = modern ? 'removeEventListener' : 'detachEvent',\n            pre = modern ? '' : 'on',\n            init = function (e) {\n                if (e.type == 'readystatechange') if (doc.readyState != 'complete') return;\n                (e.type == 'load' ? win : doc)[rem](pre + e.type, init, false);\n                if (!done) {\n                    done = true;\n                    fn.call(win, e.type || e);\n                }\n            },\n            poll = function () {\n                try {\n                    root.doScroll('left');\n                } catch (e) {\n                    setTimeout(poll, 50);\n                    return;\n                }\n                init('poll');\n            };\n        if (doc.readyState == 'complete') fn.call(win, 'lazy');\n        else {\n            if (!modern) if (root.doScroll) {\n                try {\n                    top = !win.frameElement;\n                } catch (e) {\n                }\n                if (top) poll();\n            }\n            doc[add](pre + 'DOMContentLoaded', init, false);\n            doc[add](pre + 'readystatechange', init, false);\n            win[add](pre + 'load', init, false);\n        }\n    })(window, function () {\n        window.bookly( {\"form_id\":\"69db5ca8bc15b\",\"status\":{\"booking\":\"new\"},\"skip_steps\":{\"service_part1\":0,\"service_part2\":0,\"extras\":1,\"time\":0,\"repeat\":1,\"cart\":1},\"errors\":{\"session_error\":\"Error de sesi\\u00f3n.\",\"form_id_error\":\"Error Identificaci\\u00f3n formulario.\",\"cart_item_not_available\":\"La hora seleccionada ya no est\\u00e1 disponible. Por favor elije otra ranura de hora.\",\"pay_locally_not_available\":\"Pagu\\u00e9 no est\\u00e1 disponible.\",\"invalid_gateway\":\"Puerta de enlace no es v\\u00e1lido.\",\"payment_error\":\" Error.\",\"incorrect_username_password\":\"Nombre de usuario o contrase\\u00f1a incorrectos.\"},\"form_attributes\":{\"hide_categories\":false,\"hide_services\":false,\"hide_staff_members\":false,\"show_number_of_persons\":false,\"hide_service_duration\":true,\"hide_locations\":true,\"hide_quantity\":true,\"hide_date\":false,\"hide_week_days\":false,\"hide_time_range\":false},\"use_client_time_zone\":0,\"defaults\":{\"service_id\":0,\"staff_id\":0,\"location_id\":0,\"category_id\":0},\"datepicker_mode\":\"text-accent\"} );\n    });\n<\/script><\/div>\n<!-- \/wp:bookly\/form -->\t\t\t\t\t\t<\/div>\n\t\t\t\t<\/div>\n\t\t\t\t\t<\/div>\n\t\t<\/div>\n\t\t\t\t\t<\/div>\n\t\t<\/section>\n\t\t<div class=\"elementor-element elementor-element-3dfa123 e-flex e-con-boxed e-con e-parent\" data-id=\"3dfa123\" data-element_type=\"container\">\n\t\t\t\t\t<div class=\"e-con-inner\">\n\t\t\t\t<div class=\"elementor-element elementor-element-3f31759 elementor-widget elementor-widget-text-editor\" data-id=\"3f31759\" data-element_type=\"widget\" data-widget_type=\"text-editor.default\">\n\t\t\t\t<div class=\"elementor-widget-container\">\n\t\t\t\t\t\t\t<ul>\n<li><em><strong>Examen oftalmol\u00f3gico gratuito por la compra de tu lente \u00f3ptico.<\/strong><\/em><\/li>\n<li><em><strong>Entregas de lentes mono focales, anti r\u00e9flex y filtro azul desde 1 hora (seg\u00fan disponibilidad de stock)<\/strong><\/em><\/li>\n<li><em><strong>Valor de consulta y atenci\u00f3n oftalmol\u00f3gica al no requerir lentes de correcci\u00f3n \u00f3ptica, es de $15.000 pesos (evaluaci\u00f3n y receta)<\/strong><\/em><\/li>\n<li><em><strong>Examen oftalmol\u00f3gico NO se realiza a ni\u00f1os menores de 6 a\u00f1os ni embarazadas.<\/strong><\/em><\/li>\n<\/ul>\n<p style=\"padding-left: 40px;\">\u00a0<\/p>\n<p><em><strong>Infecciones, cuerpos extra\u00f1os, traumatismos o secreciones oculares, acudir directamente a su oftalm\u00f3logo.<\/strong><\/em><\/p>\t\t\t\t\t\t<\/div>\n\t\t\t\t<\/div>\n\t\t\t\t\t<\/div>\n\t\t\t\t<\/div>\n\t\t\t\t<\/div>\n\t\t","protected":false},"excerpt":{"rendered":"<p>Examen oftalmol\u00f3gico gratuito por la compra de tu lente \u00f3ptico. Entregas de lentes mono focales, anti r\u00e9flex y filtro azul desde 1 hora (seg\u00fan disponibilidad de stock) Valor de consulta y atenci\u00f3n oftalmol\u00f3gica al no requerir lentes de correcci\u00f3n \u00f3ptica, es de $15.000 pesos (evaluaci\u00f3n y receta) Examen oftalmol\u00f3gico NO se realiza a ni\u00f1os menores [&hellip;]<\/p>\n","protected":false},"author":1,"featured_media":0,"parent":0,"menu_order":0,"comment_status":"closed","ping_status":"closed","template":"","meta":{"_joinchat":[],"footnotes":""},"class_list":["post-203","page","type-page","status-publish","hentry"],"_links":{"self":[{"href":"https:\/\/opticasrodik.cl\/index.php?rest_route=\/wp\/v2\/pages\/203","targetHints":{"allow":["GET"]}}],"collection":[{"href":"https:\/\/opticasrodik.cl\/index.php?rest_route=\/wp\/v2\/pages"}],"about":[{"href":"https:\/\/opticasrodik.cl\/index.php?rest_route=\/wp\/v2\/types\/page"}],"author":[{"embeddable":true,"href":"https:\/\/opticasrodik.cl\/index.php?rest_route=\/wp\/v2\/users\/1"}],"replies":[{"embeddable":true,"href":"https:\/\/opticasrodik.cl\/index.php?rest_route=%2Fwp%2Fv2%2Fcomments&post=203"}],"version-history":[{"count":8,"href":"https:\/\/opticasrodik.cl\/index.php?rest_route=\/wp\/v2\/pages\/203\/revisions"}],"predecessor-version":[{"id":402,"href":"https:\/\/opticasrodik.cl\/index.php?rest_route=\/wp\/v2\/pages\/203\/revisions\/402"}],"wp:attachment":[{"href":"https:\/\/opticasrodik.cl\/index.php?rest_route=%2Fwp%2Fv2%2Fmedia&parent=203"}],"curies":[{"name":"wp","href":"https:\/\/api.w.org\/{rel}","templated":true}]}}